{"id":13611,"date":"2020-04-13T22:21:39","date_gmt":"2020-04-13T22:21:39","guid":{"rendered":"https:\/\/inconecta.com\/clientes\/aebellsport\/?page_id=13611"},"modified":"2025-04-29T12:05:50","modified_gmt":"2025-04-29T10:05:50","slug":"contactar","status":"publish","type":"page","link":"https:\/\/aebellsport.com\/ca\/contactar\/","title":{"rendered":"Contactar"},"content":{"rendered":"<div data-elementor-type=\"wp-page\" data-elementor-id=\"13611\" class=\"elementor elementor-13611\">\n\t\t\t\t\t\t<section class=\"elementor-section elementor-top-section elementor-element elementor-element-3724f34 elementor-section-boxed elementor-section-height-default elementor-section-height-default\" data-id=\"3724f34\" data-element_type=\"section\">\n\t\t\t\t\t\t<div class=\"elementor-container elementor-column-gap-no\">\n\t\t\t\t\t<div class=\"elementor-column elementor-col-100 elementor-top-column elementor-element elementor-element-9b8c152\" data-id=\"9b8c152\" data-element_type=\"column\">\n\t\t\t<div class=\"elementor-widget-wrap elementor-element-populated\">\n\t\t\t\t\t\t<div class=\"elementor-element elementor-element-e42573f lte-contacts-icons lte-icons-align-center lte-style-grid-disabled elementor-widget elementor-widget-lte-icons\" data-id=\"e42573f\" data-element_type=\"widget\" data-widget_type=\"lte-icons.default\">\n\t\t\t\t<div class=\"elementor-widget-container\">\n\t\t\t\t\t<ul class=\"lte-block-icon has-descr icons-count-4 lte-icon-space-md lte-icon-shape-circle lte-icon-background-disabled lte-icon-color-main lte-icon-divider-disabled lte-icon-size-big lte-header-color-black lte-icon-type-top lte-icon-align-center lte-hover-animation-yes layout-cols4 lte-additional-\"><li class=\"col-lg-3 col-md-3 col-sm-6 col-ms-6 col-xs-12\"><div   class=\"lte-inner\"><i aria-hidden=\"true\" class=\"icon icon-location\"><\/i><span class=\"lte-icon-content\"> <span class=\"lte-header lte-h4\"> Poliesportiu Municipal Sergio Manzano <\/span> <span class=\"lte-descr\">Av. Mare de D\u00e9u de Bellvitge, 7,<br \/>\n08907 L\u2019Hospitalet de Llobregat, Barcelona<\/span><\/span><\/div><\/li><li class=\"col-lg-3 col-md-3 col-sm-6 col-ms-6 col-xs-12\"><a href=\"tel:+34672446797\"   class=\"lte-inner\"><i aria-hidden=\"true\" class=\"icon icon-call-1\"><\/i><span class=\"lte-icon-content\"> <span class=\"lte-header lte-h4\"> Tel\u00e8fon <\/span> <span class=\"lte-descr\">Contacta per tel\u00e8fon al<br \/>\n672 446 797<\/span><\/span><\/a><\/li><li class=\"col-lg-3 col-md-3 col-sm-6 col-ms-6 col-xs-12\"><a href=\"mailto:bellsport@aebellsport.com\"   class=\"lte-inner\"><i aria-hidden=\"true\" class=\"icon icon-email\"><\/i><span class=\"lte-icon-content\"> <span class=\"lte-header lte-h4\"> Correu electr\u00f2nic <\/span> <span class=\"lte-descr\">Contacta per correu<br \/>\nbellsport@aebellsport.com<\/span><\/span><\/a><\/li><li class=\"col-lg-3 col-md-3 col-sm-6 col-ms-6 col-xs-12\"><div   class=\"lte-inner\"><i aria-hidden=\"true\" class=\"icon icon-time\"><\/i><span class=\"lte-icon-content\"> <span class=\"lte-header lte-h4\"> Horaris Administraci\u00f3 <\/span> <span class=\"lte-descr\">Dilluns a divendres<br \/>\n9:00  - 14:00 \u00b7 16:00 - 19:00<\/span><\/span><\/div><\/li><\/ul>\t\t\t\t<\/div>\n\t\t\t\t<\/div>\n\t\t\t\t\t<\/div>\n\t\t<\/div>\n\t\t\t\t\t<\/div>\n\t\t<\/section>\n\t\t\t\t<section class=\"elementor-section elementor-top-section elementor-element elementor-element-b5be134 elementor-section-full_width elementor-section-height-default elementor-section-height-default\" data-id=\"b5be134\" data-element_type=\"section\" data-settings=\"{&quot;background_background&quot;:&quot;classic&quot;}\">\n\t\t\t\t\t\t<div class=\"elementor-container elementor-column-gap-default\">\n\t\t\t\t\t<div class=\"elementor-column elementor-col-50 elementor-top-column elementor-element elementor-element-2a47e91\" data-id=\"2a47e91\" data-element_type=\"column\">\n\t\t\t<div class=\"elementor-widget-wrap elementor-element-populated\">\n\t\t\t\t\t\t<div class=\"elementor-element elementor-element-8556288 elementor-widget elementor-widget-google_maps\" data-id=\"8556288\" data-element_type=\"widget\" data-widget_type=\"google_maps.default\">\n\t\t\t\t<div class=\"elementor-widget-container\">\n\t\t\t\t\t\t\t<div class=\"elementor-custom-embed\">\n\t\t\t<iframe loading=\"lazy\"\n\t\t\t\t\tsrc=\"https:\/\/maps.google.com\/maps?q=Av.%20Mare%20de%20D%C3%A9u%20de%20Bellvitge%2C%207%2C%2008907%20L%E2%80%99Hospitalet%20de%20Llobregat%2C%20Barcelona&#038;t=m&#038;z=17&#038;output=embed&#038;iwloc=near\"\n\t\t\t\t\ttitle=\"Av. Mare de D\u00e9u de Bellvitge, 7, 08907 L\u2019Hospitalet de Llobregat, Barcelona\"\n\t\t\t\t\taria-label=\"Av. Mare de D\u00e9u de Bellvitge, 7, 08907 L\u2019Hospitalet de Llobregat, Barcelona\"\n\t\t\t><\/iframe>\n\t\t<\/div>\n\t\t\t\t\t\t<\/div>\n\t\t\t\t<\/div>\n\t\t\t\t\t<\/div>\n\t\t<\/div>\n\t\t\t\t<div class=\"elementor-column elementor-col-50 elementor-top-column elementor-element elementor-element-6536e11 lte-background-gray\" data-id=\"6536e11\" data-element_type=\"column\">\n\t\t\t<div class=\"elementor-widget-wrap elementor-element-populated\">\n\t\t\t\t\t\t<div class=\"elementor-element elementor-element-210dcbe elementor-widget elementor-widget-spacer\" data-id=\"210dcbe\" data-element_type=\"widget\" data-widget_type=\"spacer.default\">\n\t\t\t\t<div class=\"elementor-widget-container\">\n\t\t\t\t\t\t\t<div class=\"elementor-spacer\">\n\t\t\t<div class=\"elementor-spacer-inner\"><\/div>\n\t\t<\/div>\n\t\t\t\t\t\t<\/div>\n\t\t\t\t<\/div>\n\t\t\t\t<div class=\"elementor-element elementor-element-a08a05c lte-heading-align-center lte-heading-style-default lte-watermark-offset-1 elementor-widget elementor-widget-lte-header\" data-id=\"a08a05c\" data-element_type=\"widget\" data-widget_type=\"lte-header.default\">\n\t\t\t\t<div class=\"elementor-widget-container\">\n\t\t\t\t\t<div class=\"lte-heading lte-style-default lte-uppercase lte-subcolor-main heading-tag-h3 heading-subtag-h6\"><div class=\"lte-heading-content\"><h3 class=\"lte-header\">En qu\u00e8 et podem ajudar?<\/h3><\/div><\/div>\t\t\t\t<\/div>\n\t\t\t\t<\/div>\n\t\t\t\t<div class=\"elementor-element elementor-element-ef7822d elementor-widget elementor-widget-text-editor\" data-id=\"ef7822d\" data-element_type=\"widget\" data-widget_type=\"text-editor.default\">\n\t\t\t\t<div class=\"elementor-widget-container\">\n\t\t\t\t\t\t\t\t\t<p>Contacta ara amb nosaltres per a dubtes, consultes, altes de soci o patrocinis.<\/p>\t\t\t\t\t\t\t\t<\/div>\n\t\t\t\t<\/div>\n\t\t\t\t<div class=\"elementor-element elementor-element-5918102 lte-background-transparent cf7-btn elementor-widget elementor-widget-lte-cf7\" data-id=\"5918102\" data-element_type=\"widget\" data-widget_type=\"lte-cf7.default\">\n\t\t\t\t<div class=\"elementor-widget-container\">\n\t\t\t\t\t<div class=\"lte-contact-form-7 lte-padding- lte-btn-main lte-full-width-no\">\n<div class=\"wpcf7 no-js\" id=\"wpcf7-f20707-o1\" lang=\"en-US\" dir=\"ltr\" data-wpcf7-id=\"20707\">\n<div class=\"screen-reader-response\"><p role=\"status\" aria-live=\"polite\" aria-atomic=\"true\"><\/p> <ul><\/ul><\/div>\n<form action=\"\/ca\/wp-json\/wp\/v2\/pages\/13611#wpcf7-f20707-o1\" method=\"post\" class=\"wpcf7-form init\" aria-label=\"Contact form\" novalidate=\"novalidate\" data-status=\"init\" data-trp-original-action=\"\/ca\/wp-json\/wp\/v2\/pages\/13611#wpcf7-f20707-o1\">\n<div style=\"display: none;\">\n<input type=\"hidden\" name=\"_wpcf7\" value=\"20707\" \/>\n<input type=\"hidden\" name=\"_wpcf7_version\" value=\"6.0.6\" \/>\n<input type=\"hidden\" name=\"_wpcf7_locale\" value=\"en_US\" \/>\n<input type=\"hidden\" name=\"_wpcf7_unit_tag\" value=\"wpcf7-f20707-o1\" \/>\n<input type=\"hidden\" name=\"_wpcf7_container_post\" value=\"0\" \/>\n<input type=\"hidden\" name=\"_wpcf7_posted_data_hash\" value=\"\" \/>\n<input type=\"hidden\" name=\"_wpcf7_recaptcha_response\" value=\"\" \/>\n<\/div>\n<div class=\"row\">\n\t<div class=\"col-lg-12 col-md-12 col-xs-12\">\n\t\t<p><span class=\"wpcf7-form-control-wrap\" data-name=\"field-name\"><input size=\"40\" maxlength=\"400\" class=\"wpcf7-form-control wpcf7-text wpcf7-validates-as-required\" aria-required=\"true\" aria-invalid=\"false\" placeholder=\"Nom\" value=\"\" type=\"text\" name=\"field-name\" \/><\/span>\n\t\t<\/p>\n\t<\/div>\n\t<div class=\"col-lg-6 col-md-12 col-xs-12\">\n\t\t<p><span class=\"wpcf7-form-control-wrap\" data-name=\"field-email\"><input size=\"40\" maxlength=\"400\" class=\"wpcf7-form-control wpcf7-text wpcf7-validates-as-required\" aria-required=\"true\" aria-invalid=\"false\" placeholder=\"Correu electr\u00f2nic\" value=\"\" type=\"text\" name=\"field-email\" \/><\/span>\n\t\t<\/p>\n\t<\/div>\n\t<div class=\"col-lg-6 col-md-12 col-xs-12\">\n\t\t<p><span class=\"wpcf7-form-control-wrap\" data-name=\"tel-570\"><input size=\"40\" maxlength=\"400\" class=\"wpcf7-form-control wpcf7-tel wpcf7-validates-as-required wpcf7-text wpcf7-validates-as-tel\" aria-required=\"true\" aria-invalid=\"false\" placeholder=\"Tel\u00e8fon\" value=\"\" type=\"tel\" name=\"tel-570\" \/><\/span>\n\t\t<\/p>\n\t<\/div>\n\t<div class=\"col-lg-12 col-md-12 col-xs-12\">\n\t\t<p><span class=\"wpcf7-form-control-wrap\" data-name=\"field-message\"><textarea cols=\"40\" rows=\"10\" maxlength=\"2000\" class=\"wpcf7-form-control wpcf7-textarea\" aria-invalid=\"false\" placeholder=\"Missatge\" name=\"field-message\"><\/textarea><\/span>\n\t\t<\/p>\n\t<\/div>\n\t<p><span class=\"wpcf7-form-control-wrap\" data-name=\"acceptance-531\"><span class=\"wpcf7-form-control wpcf7-acceptance\"><span class=\"wpcf7-list-item\"><label><input type=\"checkbox\" name=\"acceptance-531\" value=\"1\" aria-invalid=\"false\" \/><span class=\"wpcf7-list-item-label\">He llegit i accepto la <a style=\"color: #149dcc; text-decoration: none;\" href=\"\/ca\/politica-privacidad\/\" class=\"\">Pol\u00edtica de Privadesa<\/a>. Les dades introdu\u00efdes en aquest formulari, es faran servir amb la finalitat de respondre la consulta realitzada.<\/span><\/label><\/span><\/span><\/span>\n\t<\/p>\n<\/div>\n<p><input class=\"wpcf7-form-control wpcf7-submit has-spinner\" type=\"submit\" value=\"Enviar\" \/>\n<\/p><div class=\"wpcf7-response-output\" aria-hidden=\"true\"><\/div>\n<input type=\"hidden\" name=\"trp-form-language\" value=\"ca\"\/><\/form>\n<\/div>\n<\/div>\t\t\t\t<\/div>\n\t\t\t\t<\/div>\n\t\t\t\t\t<\/div>\n\t\t<\/div>\n\t\t\t\t\t<\/div>\n\t\t<\/section>\n\t\t\t\t<section class=\"elementor-section elementor-top-section elementor-element elementor-element-debaf82 elementor-section-full_width elementor-section-height-default elementor-section-height-default\" data-id=\"debaf82\" data-element_type=\"section\">\n\t\t\t\t\t\t<div class=\"elementor-container elementor-column-gap-no\">\n\t\t\t\t\t<div class=\"elementor-column elementor-col-100 elementor-top-column elementor-element elementor-element-c85126e\" data-id=\"c85126e\" data-element_type=\"column\">\n\t\t\t<div class=\"elementor-widget-wrap\">\n\t\t\t\t\t\t\t<\/div>\n\t\t<\/div>\n\t\t\t\t\t<\/div>\n\t\t<\/section>\n\t\t\t\t<\/div>","protected":false},"excerpt":{"rendered":"<p>Poliesportiu Municipal Sergio Manzano Av. Mare de D\u00e9u de Bellvitge, 7, 08907 L\u2019Hospitalet de Llobregat, Barcelona Tel\u00e9fono Contacta por tel\u00e9fono al 672 446 797 Correo electr\u00f3nico Contacta por correo bellsport@aebellsport.com Horarios Administraci\u00f3n Lunes a Viernes 9:00 &#8211; 14:00 \u00b7 16:00 &#8211; 19:00 \u00bfEn qu\u00e9 podemos ayudarte? Contacta ahora con nosotros para dudas, consultas, altas de [&hellip;]<\/p>","protected":false},"author":1,"featured_media":36772,"parent":0,"menu_order":0,"comment_status":"closed","ping_status":"closed","template":"page-templates\/full-width.php","meta":{"footnotes":""},"class_list":["post-13611","page","type-page","status-publish","has-post-thumbnail","hentry"],"yoast_head":"<!-- This site is optimized with the Yoast SEO plugin v25.3 - https:\/\/yoast.com\/wordpress\/plugins\/seo\/ -->\n<title>Contactar - AE Bellsport \u2013 Associaci\u00f3 Esportiva Bellsport<\/title>\n<meta name=\"robots\" content=\"index, follow, max-snippet:-1, max-image-preview:large, max-video-preview:-1\" \/>\n<link rel=\"canonical\" href=\"https:\/\/aebellsport.com\/ca\/contactar\/\" \/>\n<meta property=\"og:locale\" content=\"ca_ES\" \/>\n<meta property=\"og:type\" content=\"article\" \/>\n<meta property=\"og:title\" content=\"Contactar - AE Bellsport \u2013 Associaci\u00f3 Esportiva Bellsport\" \/>\n<meta property=\"og:description\" content=\"Poliesportiu Municipal Sergio Manzano Av. Mare de D\u00e9u de Bellvitge, 7, 08907 L\u2019Hospitalet de Llobregat, Barcelona Tel\u00e9fono Contacta por tel\u00e9fono al 672 446 797 Correo electr\u00f3nico Contacta por correo bellsport@aebellsport.com Horarios Administraci\u00f3n Lunes a Viernes 9:00 &#8211; 14:00 \u00b7 16:00 &#8211; 19:00 \u00bfEn qu\u00e9 podemos ayudarte? Contacta ahora con nosotros para dudas, consultas, altas de [&hellip;]\" \/>\n<meta property=\"og:url\" content=\"https:\/\/aebellsport.com\/ca\/contactar\/\" \/>\n<meta property=\"og:site_name\" content=\"AE Bellsport \u2013 Associaci\u00f3 Esportiva Bellsport\" \/>\n<meta property=\"article:modified_time\" content=\"2025-04-29T10:05:50+00:00\" \/>\n<meta property=\"og:image\" content=\"https:\/\/aebellsport.com\/wp-content\/uploads\/2024\/03\/cat_01-e1745500927713.jpg\" \/>\n\t<meta property=\"og:image:width\" content=\"676\" \/>\n\t<meta property=\"og:image:height\" content=\"663\" \/>\n\t<meta property=\"og:image:type\" content=\"image\/jpeg\" \/>\n<meta name=\"twitter:card\" content=\"summary_large_image\" \/>\n<script type=\"application\/ld+json\" class=\"yoast-schema-graph\">{\"@context\":\"https:\/\/schema.org\",\"@graph\":[{\"@type\":\"WebPage\",\"@id\":\"https:\/\/aebellsport.com\/contactar\/\",\"url\":\"https:\/\/aebellsport.com\/contactar\/\",\"name\":\"Contactar - AE Bellsport \u2013 Associaci\u00f3 Esportiva Bellsport\",\"isPartOf\":{\"@id\":\"https:\/\/aebellsport.com\/#website\"},\"primaryImageOfPage\":{\"@id\":\"https:\/\/aebellsport.com\/contactar\/#primaryimage\"},\"image\":{\"@id\":\"https:\/\/aebellsport.com\/contactar\/#primaryimage\"},\"thumbnailUrl\":\"https:\/\/aebellsport.com\/wp-content\/uploads\/2024\/03\/cat_01-e1745500927713.jpg\",\"datePublished\":\"2020-04-13T22:21:39+00:00\",\"dateModified\":\"2025-04-29T10:05:50+00:00\",\"breadcrumb\":{\"@id\":\"https:\/\/aebellsport.com\/contactar\/#breadcrumb\"},\"inLanguage\":\"ca\",\"potentialAction\":[{\"@type\":\"ReadAction\",\"target\":[\"https:\/\/aebellsport.com\/contactar\/\"]}]},{\"@type\":\"ImageObject\",\"inLanguage\":\"ca\",\"@id\":\"https:\/\/aebellsport.com\/contactar\/#primaryimage\",\"url\":\"https:\/\/aebellsport.com\/wp-content\/uploads\/2024\/03\/cat_01-e1745500927713.jpg\",\"contentUrl\":\"https:\/\/aebellsport.com\/wp-content\/uploads\/2024\/03\/cat_01-e1745500927713.jpg\",\"width\":676,\"height\":663},{\"@type\":\"BreadcrumbList\",\"@id\":\"https:\/\/aebellsport.com\/contactar\/#breadcrumb\",\"itemListElement\":[{\"@type\":\"ListItem\",\"position\":1,\"name\":\"Portada\",\"item\":\"https:\/\/aebellsport.com\/\"},{\"@type\":\"ListItem\",\"position\":2,\"name\":\"Contactar\"}]},{\"@type\":\"WebSite\",\"@id\":\"https:\/\/aebellsport.com\/#website\",\"url\":\"https:\/\/aebellsport.com\/\",\"name\":\"AE Bellsport \u2013 Associaci\u00f3 Esportiva Bellsport\",\"description\":\"Just another WordPress site\",\"potentialAction\":[{\"@type\":\"SearchAction\",\"target\":{\"@type\":\"EntryPoint\",\"urlTemplate\":\"https:\/\/aebellsport.com\/?s={search_term_string}\"},\"query-input\":{\"@type\":\"PropertyValueSpecification\",\"valueRequired\":true,\"valueName\":\"search_term_string\"}}],\"inLanguage\":\"ca\"}]}<\/script>\n<!-- \/ Yoast SEO plugin. -->","yoast_head_json":{"title":"Contactar - AE Bellsport \u2013 Associaci\u00f3 Esportiva Bellsport","robots":{"index":"index","follow":"follow","max-snippet":"max-snippet:-1","max-image-preview":"max-image-preview:large","max-video-preview":"max-video-preview:-1"},"canonical":"https:\/\/aebellsport.com\/ca\/contactar\/","og_locale":"ca_ES","og_type":"article","og_title":"Contactar - AE Bellsport \u2013 Associaci\u00f3 Esportiva Bellsport","og_description":"Poliesportiu Municipal Sergio Manzano Av. Mare de D\u00e9u de Bellvitge, 7, 08907 L\u2019Hospitalet de Llobregat, Barcelona Tel\u00e9fono Contacta por tel\u00e9fono al 672 446 797 Correo electr\u00f3nico Contacta por correo bellsport@aebellsport.com Horarios Administraci\u00f3n Lunes a Viernes 9:00 &#8211; 14:00 \u00b7 16:00 &#8211; 19:00 \u00bfEn qu\u00e9 podemos ayudarte? Contacta ahora con nosotros para dudas, consultas, altas de [&hellip;]","og_url":"https:\/\/aebellsport.com\/ca\/contactar\/","og_site_name":"AE Bellsport \u2013 Associaci\u00f3 Esportiva Bellsport","article_modified_time":"2025-04-29T10:05:50+00:00","og_image":[{"width":676,"height":663,"url":"https:\/\/aebellsport.com\/wp-content\/uploads\/2024\/03\/cat_01-e1745500927713.jpg","type":"image\/jpeg"}],"twitter_card":"summary_large_image","schema":{"@context":"https:\/\/schema.org","@graph":[{"@type":"WebPage","@id":"https:\/\/aebellsport.com\/contactar\/","url":"https:\/\/aebellsport.com\/contactar\/","name":"Contactar - AE Bellsport \u2013 Associaci\u00f3 Esportiva Bellsport","isPartOf":{"@id":"https:\/\/aebellsport.com\/#website"},"primaryImageOfPage":{"@id":"https:\/\/aebellsport.com\/contactar\/#primaryimage"},"image":{"@id":"https:\/\/aebellsport.com\/contactar\/#primaryimage"},"thumbnailUrl":"https:\/\/aebellsport.com\/wp-content\/uploads\/2024\/03\/cat_01-e1745500927713.jpg","datePublished":"2020-04-13T22:21:39+00:00","dateModified":"2025-04-29T10:05:50+00:00","breadcrumb":{"@id":"https:\/\/aebellsport.com\/contactar\/#breadcrumb"},"inLanguage":"ca","potentialAction":[{"@type":"ReadAction","target":["https:\/\/aebellsport.com\/contactar\/"]}]},{"@type":"ImageObject","inLanguage":"ca","@id":"https:\/\/aebellsport.com\/contactar\/#primaryimage","url":"https:\/\/aebellsport.com\/wp-content\/uploads\/2024\/03\/cat_01-e1745500927713.jpg","contentUrl":"https:\/\/aebellsport.com\/wp-content\/uploads\/2024\/03\/cat_01-e1745500927713.jpg","width":676,"height":663},{"@type":"BreadcrumbList","@id":"https:\/\/aebellsport.com\/contactar\/#breadcrumb","itemListElement":[{"@type":"ListItem","position":1,"name":"Portada","item":"https:\/\/aebellsport.com\/"},{"@type":"ListItem","position":2,"name":"Contactar"}]},{"@type":"WebSite","@id":"https:\/\/aebellsport.com\/#website","url":"https:\/\/aebellsport.com\/","name":"AE Bellsport \u2013 Associaci\u00f3 Esportiva Bellsport","description":"Just another WordPress site","potentialAction":[{"@type":"SearchAction","target":{"@type":"EntryPoint","urlTemplate":"https:\/\/aebellsport.com\/?s={search_term_string}"},"query-input":{"@type":"PropertyValueSpecification","valueRequired":true,"valueName":"search_term_string"}}],"inLanguage":"ca"}]}},"_links":{"self":[{"href":"https:\/\/aebellsport.com\/ca\/wp-json\/wp\/v2\/pages\/13611","targetHints":{"allow":["GET"]}}],"collection":[{"href":"https:\/\/aebellsport.com\/ca\/wp-json\/wp\/v2\/pages"}],"about":[{"href":"https:\/\/aebellsport.com\/ca\/wp-json\/wp\/v2\/types\/page"}],"author":[{"embeddable":true,"href":"https:\/\/aebellsport.com\/ca\/wp-json\/wp\/v2\/users\/1"}],"replies":[{"embeddable":true,"href":"https:\/\/aebellsport.com\/ca\/wp-json\/wp\/v2\/comments?post=13611"}],"version-history":[{"count":40,"href":"https:\/\/aebellsport.com\/ca\/wp-json\/wp\/v2\/pages\/13611\/revisions"}],"predecessor-version":[{"id":39848,"href":"https:\/\/aebellsport.com\/ca\/wp-json\/wp\/v2\/pages\/13611\/revisions\/39848"}],"wp:featuredmedia":[{"embeddable":true,"href":"https:\/\/aebellsport.com\/ca\/wp-json\/wp\/v2\/media\/36772"}],"wp:attachment":[{"href":"https:\/\/aebellsport.com\/ca\/wp-json\/wp\/v2\/media?parent=13611"}],"curies":[{"name":"wp","href":"https:\/\/api.w.org\/{rel}","templated":true}]}}