{"id":39849,"date":"2025-04-29T12:09:05","date_gmt":"2025-04-29T10:09:05","guid":{"rendered":"https:\/\/inconecta.com\/clientes\/aebellsport\/?page_id=39849"},"modified":"2025-07-11T09:07:34","modified_gmt":"2025-07-11T07:07:34","slug":"tienda","status":"publish","type":"page","link":"https:\/\/aebellsport.com\/ca\/tienda\/","title":{"rendered":"Botiga"},"content":{"rendered":"<div data-elementor-type=\"wp-page\" data-elementor-id=\"39849\" class=\"elementor elementor-39849\">\n\t\t\t\t<div class=\"elementor-element elementor-element-c884398 e-flex e-con-boxed e-con e-parent\" data-id=\"c884398\" data-element_type=\"container\" data-e-type=\"container\">\n\t\t\t\t\t<div class=\"e-con-inner\">\n\t\t<div class=\"elementor-element elementor-element-5c48c1cb e-con-full e-flex e-con e-child\" data-id=\"5c48c1cb\" data-element_type=\"container\" data-e-type=\"container\">\n\t\t\t\t<div class=\"elementor-element elementor-element-51b0f915 lte-heading-style-header-subheader elementor-widget__width-inherit lte-heading-align-tablet_extra-center elementor-widget-tablet_extra__width-initial lte-heading-align-center lte-watermark-offset-1 elementor-widget elementor-widget-lte-header\" data-id=\"51b0f915\" data-element_type=\"widget\" data-e-type=\"widget\" data-widget_type=\"lte-header.default\">\n\t\t\t\t<div class=\"elementor-widget-container\">\n\t\t\t\t\t<div class=\"lte-heading lte-style-header-subheader lte-uppercase lte-subcolor-main has-subheader has-watermark heading-tag-h3 heading-subtag-h6\"><div class=\"lte-heading-content\"><h6 class=\"lte-subheader\">Botiga online EQUIPACIONS<\/h6><h3 class=\"lte-header\">Selecciona la secci\u00f3 esportiva<\/h3><span class=\"lte-watermark\">BOTIGA<\/span><\/div><\/div>\t\t\t\t<\/div>\n\t\t\t\t<\/div>\n\t\t\t\t<\/div>\n\t\t\t\t\t<\/div>\n\t\t\t\t<\/div>\n\t\t<div class=\"elementor-element elementor-element-156b9faa e-grid e-con-boxed e-con e-parent\" data-id=\"156b9faa\" data-element_type=\"container\" data-e-type=\"container\">\n\t\t\t\t\t<div class=\"e-con-inner\">\n\t\t<div class=\"elementor-element elementor-element-5fcd0f3 e-con-full lte-background-main e-flex e-con e-child\" data-id=\"5fcd0f3\" data-element_type=\"container\" data-e-type=\"container\" data-settings=\"{&quot;background_background&quot;:&quot;classic&quot;}\">\n\t\t\t\t<div class=\"elementor-element elementor-element-6f5f9ca lte-heading-style-default lte-watermark-offset-1 elementor-widget elementor-widget-lte-header\" data-id=\"6f5f9ca\" data-element_type=\"widget\" data-e-type=\"widget\" data-widget_type=\"lte-header.default\">\n\t\t\t\t<div class=\"elementor-widget-container\">\n\t\t\t\t\t<div class=\"lte-heading lte-size-bg lte-style-default lte-uppercase lte-color-white lte-subcolor-main heading-tag-h2 heading-subtag-h6\"><div class=\"lte-heading-content\"><h2 class=\"lte-header\">Futbol Sala<\/h2><\/div><\/div>\t\t\t\t<\/div>\n\t\t\t\t<\/div>\n\t\t\t\t<div class=\"elementor-element elementor-element-144f284 lte-heading-style-default lte-watermark-offset-1 elementor-widget elementor-widget-lte-header\" data-id=\"144f284\" data-element_type=\"widget\" data-e-type=\"widget\" data-widget_type=\"lte-header.default\">\n\t\t\t\t<div class=\"elementor-widget-container\">\n\t\t\t\t\t<div class=\"lte-heading lte-style-default lte-uppercase lte-color-white lte-subcolor-main heading-tag-h6 heading-subtag-h6\"><div class=\"lte-heading-content\"><h6 class=\"lte-header\">A.E BellSport<\/h6><\/div><\/div>\t\t\t\t<\/div>\n\t\t\t\t<\/div>\n\t\t\t\t<div class=\"elementor-element elementor-element-121d36d lte-btn-outline-yes elementor-widget elementor-widget-lte-button\" data-id=\"121d36d\" data-element_type=\"widget\" data-e-type=\"widget\" data-widget_type=\"lte-button.default\">\n\t\t\t\t<div class=\"elementor-widget-container\">\n\t\t\t\t\t<div class=\"lte-btn-wrap\">\n\t<a href=\"https:\/\/oziostore.com\/AEBellsportFutJugador\/\"  target=\"_blank\"  class=\"lte-btn btn-lg btn-white color-hover-main\"><span class=\"lte-btn-inner\"><span class=\"lte-btn-before\"><\/span>ANAR A LA BOTIGA<span class=\"lte-btn-after\"><\/span><\/span><\/a><\/div>\t\t\t\t<\/div>\n\t\t\t\t<\/div>\n\t\t\t\t<\/div>\n\t\t<div class=\"elementor-element elementor-element-53ab3a61 e-con-full lte-background-main e-flex e-con e-child\" data-id=\"53ab3a61\" data-element_type=\"container\" data-e-type=\"container\" data-settings=\"{&quot;background_background&quot;:&quot;classic&quot;}\">\n\t\t\t\t<div class=\"elementor-element elementor-element-7dc03403 lte-heading-style-default lte-watermark-offset-1 elementor-widget elementor-widget-lte-header\" data-id=\"7dc03403\" data-element_type=\"widget\" data-e-type=\"widget\" data-widget_type=\"lte-header.default\">\n\t\t\t\t<div class=\"elementor-widget-container\">\n\t\t\t\t\t<div class=\"lte-heading lte-size-bg lte-style-default lte-uppercase lte-color-white lte-subcolor-main heading-tag-h2 heading-subtag-h6\"><div class=\"lte-heading-content\"><h2 class=\"lte-header\">B\u00e0squet<\/h2><\/div><\/div>\t\t\t\t<\/div>\n\t\t\t\t<\/div>\n\t\t\t\t<div class=\"elementor-element elementor-element-603a8df6 lte-heading-style-default lte-watermark-offset-1 elementor-widget elementor-widget-lte-header\" data-id=\"603a8df6\" data-element_type=\"widget\" data-e-type=\"widget\" data-widget_type=\"lte-header.default\">\n\t\t\t\t<div class=\"elementor-widget-container\">\n\t\t\t\t\t<div class=\"lte-heading lte-style-default lte-uppercase lte-color-white lte-subcolor-main heading-tag-h6 heading-subtag-h6\"><div class=\"lte-heading-content\"><h6 class=\"lte-header\">A.E BellSport<\/h6><\/div><\/div>\t\t\t\t<\/div>\n\t\t\t\t<\/div>\n\t\t\t\t<div class=\"elementor-element elementor-element-32e75199 lte-btn-outline-yes elementor-widget elementor-widget-lte-button\" data-id=\"32e75199\" data-element_type=\"widget\" data-e-type=\"widget\" data-widget_type=\"lte-button.default\">\n\t\t\t\t<div class=\"elementor-widget-container\">\n\t\t\t\t\t<div class=\"lte-btn-wrap\">\n\t<a href=\"https:\/\/oziostore.com\/AEBellsportBasJugador\/\"  target=\"_blank\"  class=\"lte-btn btn-lg btn-white color-hover-main\"><span class=\"lte-btn-inner\"><span class=\"lte-btn-before\"><\/span>ANAR A LA BOTIGA<span class=\"lte-btn-after\"><\/span><\/span><\/a><\/div>\t\t\t\t<\/div>\n\t\t\t\t<\/div>\n\t\t\t\t<\/div>\n\t\t\t\t\t<\/div>\n\t\t\t\t<\/div>\n\t\t<div class=\"elementor-element elementor-element-5e7e1c7 e-grid e-con-boxed e-con e-parent\" data-id=\"5e7e1c7\" data-element_type=\"container\" data-e-type=\"container\">\n\t\t\t\t\t<div class=\"e-con-inner\">\n\t\t<div class=\"elementor-element elementor-element-8b97331 e-con-full lte-background-main e-flex e-con e-child\" data-id=\"8b97331\" data-element_type=\"container\" data-e-type=\"container\" data-settings=\"{&quot;background_background&quot;:&quot;classic&quot;}\">\n\t\t\t\t<div class=\"elementor-element elementor-element-800820a lte-heading-style-default lte-watermark-offset-1 elementor-widget elementor-widget-lte-header\" data-id=\"800820a\" data-element_type=\"widget\" data-e-type=\"widget\" data-widget_type=\"lte-header.default\">\n\t\t\t\t<div class=\"elementor-widget-container\">\n\t\t\t\t\t<div class=\"lte-heading lte-size-bg lte-style-default lte-uppercase lte-color-white lte-subcolor-main heading-tag-h2 heading-subtag-h6\"><div class=\"lte-heading-content\"><h2 class=\"lte-header\">Voleibol<\/h2><\/div><\/div>\t\t\t\t<\/div>\n\t\t\t\t<\/div>\n\t\t\t\t<div class=\"elementor-element elementor-element-27a4665 lte-heading-style-default lte-watermark-offset-1 elementor-widget elementor-widget-lte-header\" data-id=\"27a4665\" data-element_type=\"widget\" data-e-type=\"widget\" data-widget_type=\"lte-header.default\">\n\t\t\t\t<div class=\"elementor-widget-container\">\n\t\t\t\t\t<div class=\"lte-heading lte-style-default lte-uppercase lte-color-white lte-subcolor-main heading-tag-h6 heading-subtag-h6\"><div class=\"lte-heading-content\"><h6 class=\"lte-header\">A.E BellSport<\/h6><\/div><\/div>\t\t\t\t<\/div>\n\t\t\t\t<\/div>\n\t\t\t\t<div class=\"elementor-element elementor-element-54e0c7e lte-btn-outline-yes elementor-widget elementor-widget-lte-button\" data-id=\"54e0c7e\" data-element_type=\"widget\" data-e-type=\"widget\" data-widget_type=\"lte-button.default\">\n\t\t\t\t<div class=\"elementor-widget-container\">\n\t\t\t\t\t<div class=\"lte-btn-wrap\">\n\t<a href=\"https:\/\/oziostore.com\/AEBellsportVolJugador\/\"  target=\"_blank\"  class=\"lte-btn btn-lg btn-white color-hover-main\"><span class=\"lte-btn-inner\"><span class=\"lte-btn-before\"><\/span>ANAR A LA BOTIGA<span class=\"lte-btn-after\"><\/span><\/span><\/a><\/div>\t\t\t\t<\/div>\n\t\t\t\t<\/div>\n\t\t\t\t<\/div>\n\t\t<div class=\"elementor-element elementor-element-5c70a05 e-con-full lte-background-main e-flex e-con e-child\" data-id=\"5c70a05\" data-element_type=\"container\" data-e-type=\"container\" data-settings=\"{&quot;background_background&quot;:&quot;classic&quot;}\">\n\t\t\t\t<div class=\"elementor-element elementor-element-4b87a48 lte-heading-style-default lte-watermark-offset-1 elementor-widget elementor-widget-lte-header\" data-id=\"4b87a48\" data-element_type=\"widget\" data-e-type=\"widget\" data-widget_type=\"lte-header.default\">\n\t\t\t\t<div class=\"elementor-widget-container\">\n\t\t\t\t\t<div class=\"lte-heading lte-size-bg lte-style-default lte-uppercase lte-color-white lte-subcolor-main heading-tag-h2 heading-subtag-h6\"><div class=\"lte-heading-content\"><h2 class=\"lte-header\">P\u00e0del<\/h2><\/div><\/div>\t\t\t\t<\/div>\n\t\t\t\t<\/div>\n\t\t\t\t<div class=\"elementor-element elementor-element-783488d lte-heading-style-default lte-watermark-offset-1 elementor-widget elementor-widget-lte-header\" data-id=\"783488d\" data-element_type=\"widget\" data-e-type=\"widget\" data-widget_type=\"lte-header.default\">\n\t\t\t\t<div class=\"elementor-widget-container\">\n\t\t\t\t\t<div class=\"lte-heading lte-style-default lte-uppercase lte-color-white lte-subcolor-main heading-tag-h6 heading-subtag-h6\"><div class=\"lte-heading-content\"><h6 class=\"lte-header\">A.E BellSport<\/h6><\/div><\/div>\t\t\t\t<\/div>\n\t\t\t\t<\/div>\n\t\t\t\t<div class=\"elementor-element elementor-element-f113c38 lte-btn-outline-yes elementor-widget elementor-widget-lte-button\" data-id=\"f113c38\" data-element_type=\"widget\" data-e-type=\"widget\" data-widget_type=\"lte-button.default\">\n\t\t\t\t<div class=\"elementor-widget-container\">\n\t\t\t\t\t<div class=\"lte-btn-wrap\">\n\t<a href=\"https:\/\/oziostore.com\/AEBellsportPadJugador\/\"  target=\"_blank\"  class=\"lte-btn btn-lg btn-white color-hover-main\"><span class=\"lte-btn-inner\"><span class=\"lte-btn-before\"><\/span>ANAR A LA BOTIGA<span class=\"lte-btn-after\"><\/span><\/span><\/a><\/div>\t\t\t\t<\/div>\n\t\t\t\t<\/div>\n\t\t\t\t<\/div>\n\t\t\t\t\t<\/div>\n\t\t\t\t<\/div>\n\t\t<div class=\"elementor-element elementor-element-d85798e e-grid e-con-boxed e-con e-parent\" data-id=\"d85798e\" data-element_type=\"container\" data-e-type=\"container\">\n\t\t\t\t\t<div class=\"e-con-inner\">\n\t\t<div class=\"elementor-element elementor-element-b10c99c e-con-full lte-background-main e-flex e-con e-child\" data-id=\"b10c99c\" data-element_type=\"container\" data-e-type=\"container\" data-settings=\"{&quot;background_background&quot;:&quot;classic&quot;}\">\n\t\t\t\t<div class=\"elementor-element elementor-element-ce3e594 lte-heading-style-default lte-watermark-offset-1 elementor-widget elementor-widget-lte-header\" data-id=\"ce3e594\" data-element_type=\"widget\" data-e-type=\"widget\" data-widget_type=\"lte-header.default\">\n\t\t\t\t<div class=\"elementor-widget-container\">\n\t\t\t\t\t<div class=\"lte-heading lte-size-bg lte-style-default lte-uppercase lte-color-white lte-subcolor-main heading-tag-h2 heading-subtag-h6\"><div class=\"lte-heading-content\"><h2 class=\"lte-header\">Nataci\u00f3 amb aletes<\/h2><\/div><\/div>\t\t\t\t<\/div>\n\t\t\t\t<\/div>\n\t\t\t\t<div class=\"elementor-element elementor-element-f6b8d79 lte-heading-style-default lte-watermark-offset-1 elementor-widget elementor-widget-lte-header\" data-id=\"f6b8d79\" data-element_type=\"widget\" data-e-type=\"widget\" data-widget_type=\"lte-header.default\">\n\t\t\t\t<div class=\"elementor-widget-container\">\n\t\t\t\t\t<div class=\"lte-heading lte-style-default lte-uppercase lte-color-white lte-subcolor-main heading-tag-h6 heading-subtag-h6\"><div class=\"lte-heading-content\"><h6 class=\"lte-header\">A.E BellSport<\/h6><\/div><\/div>\t\t\t\t<\/div>\n\t\t\t\t<\/div>\n\t\t\t\t<div class=\"elementor-element elementor-element-6483c38 lte-btn-outline-yes elementor-widget elementor-widget-lte-button\" data-id=\"6483c38\" data-element_type=\"widget\" data-e-type=\"widget\" data-widget_type=\"lte-button.default\">\n\t\t\t\t<div class=\"elementor-widget-container\">\n\t\t\t\t\t<div class=\"lte-btn-wrap\">\n\t<a href=\"https:\/\/oziostore.com\/AEBellsportNatJugador\"  target=\"_blank\"  class=\"lte-btn btn-lg btn-white color-hover-main\"><span class=\"lte-btn-inner\"><span class=\"lte-btn-before\"><\/span>ANAR A LA BOTIGA<span class=\"lte-btn-after\"><\/span><\/span><\/a><\/div>\t\t\t\t<\/div>\n\t\t\t\t<\/div>\n\t\t\t\t<\/div>\n\t\t\t\t\t<\/div>\n\t\t\t\t<\/div>\n\t\t\t\t<\/div>","protected":false},"excerpt":{"rendered":"<p>Tienda online EQUIPACIONES Selecciona la secci\u00f3n deportiva TIENDA F\u00fatbol Sala A.E BellSport IR A LA TIENDA B\u00e1squet A.E BellSport IR A LA TIENDA Voleibol A.E BellSport IR A LA TIENDA P\u00e1del A.E BellSport IR A LA TIENDA Nataci\u00f3n con aletas A.E BellSport IR A LA TIENDA<\/p>","protected":false},"author":1,"featured_media":38894,"parent":0,"menu_order":0,"comment_status":"closed","ping_status":"closed","template":"","meta":{"footnotes":""},"class_list":["post-39849","page","type-page","status-publish","has-post-thumbnail","hentry"],"yoast_head":"<!-- This site is optimized with the Yoast SEO plugin v25.3 - https:\/\/yoast.com\/wordpress\/plugins\/seo\/ -->\n<title>Tienda - AE Bellsport \u2013 Associaci\u00f3 Esportiva Bellsport<\/title>\n<meta name=\"robots\" content=\"index, follow, max-snippet:-1, max-image-preview:large, max-video-preview:-1\" \/>\n<link rel=\"canonical\" href=\"https:\/\/aebellsport.com\/ca\/tienda\/\" \/>\n<meta property=\"og:locale\" content=\"ca_ES\" \/>\n<meta property=\"og:type\" content=\"article\" \/>\n<meta property=\"og:title\" content=\"Tienda - AE Bellsport \u2013 Associaci\u00f3 Esportiva Bellsport\" \/>\n<meta property=\"og:description\" content=\"Tienda online EQUIPACIONES Selecciona la secci\u00f3n deportiva TIENDA F\u00fatbol Sala A.E BellSport IR A LA TIENDA B\u00e1squet A.E BellSport IR A LA TIENDA Voleibol A.E BellSport IR A LA TIENDA P\u00e1del A.E BellSport IR A LA TIENDA Nataci\u00f3n con aletas A.E BellSport IR A LA TIENDA\" \/>\n<meta property=\"og:url\" content=\"https:\/\/aebellsport.com\/ca\/tienda\/\" \/>\n<meta property=\"og:site_name\" content=\"AE Bellsport \u2013 Associaci\u00f3 Esportiva Bellsport\" \/>\n<meta property=\"article:modified_time\" content=\"2025-07-11T07:07:34+00:00\" \/>\n<meta property=\"og:image\" content=\"https:\/\/aebellsport.com\/wp-content\/uploads\/2023\/04\/futsal.png\" \/>\n\t<meta property=\"og:image:width\" content=\"1056\" \/>\n\t<meta property=\"og:image:height\" content=\"1536\" \/>\n\t<meta property=\"og:image:type\" content=\"image\/png\" \/>\n<meta name=\"twitter:card\" content=\"summary_large_image\" \/>\n<meta name=\"twitter:label1\" content=\"Temps estimat de lectura\" \/>\n\t<meta name=\"twitter:data1\" content=\"1 minut\" \/>\n<script type=\"application\/ld+json\" class=\"yoast-schema-graph\">{\"@context\":\"https:\/\/schema.org\",\"@graph\":[{\"@type\":\"WebPage\",\"@id\":\"https:\/\/aebellsport.com\/tienda\/\",\"url\":\"https:\/\/aebellsport.com\/tienda\/\",\"name\":\"Tienda - AE Bellsport \u2013 Associaci\u00f3 Esportiva Bellsport\",\"isPartOf\":{\"@id\":\"https:\/\/aebellsport.com\/#website\"},\"primaryImageOfPage\":{\"@id\":\"https:\/\/aebellsport.com\/tienda\/#primaryimage\"},\"image\":{\"@id\":\"https:\/\/aebellsport.com\/tienda\/#primaryimage\"},\"thumbnailUrl\":\"https:\/\/aebellsport.com\/wp-content\/uploads\/2023\/04\/futsal.png\",\"datePublished\":\"2025-04-29T10:09:05+00:00\",\"dateModified\":\"2025-07-11T07:07:34+00:00\",\"breadcrumb\":{\"@id\":\"https:\/\/aebellsport.com\/tienda\/#breadcrumb\"},\"inLanguage\":\"ca\",\"potentialAction\":[{\"@type\":\"ReadAction\",\"target\":[\"https:\/\/aebellsport.com\/tienda\/\"]}]},{\"@type\":\"ImageObject\",\"inLanguage\":\"ca\",\"@id\":\"https:\/\/aebellsport.com\/tienda\/#primaryimage\",\"url\":\"https:\/\/aebellsport.com\/wp-content\/uploads\/2023\/04\/futsal.png\",\"contentUrl\":\"https:\/\/aebellsport.com\/wp-content\/uploads\/2023\/04\/futsal.png\",\"width\":1056,\"height\":1536},{\"@type\":\"BreadcrumbList\",\"@id\":\"https:\/\/aebellsport.com\/tienda\/#breadcrumb\",\"itemListElement\":[{\"@type\":\"ListItem\",\"position\":1,\"name\":\"Portada\",\"item\":\"https:\/\/aebellsport.com\/\"},{\"@type\":\"ListItem\",\"position\":2,\"name\":\"Tienda\"}]},{\"@type\":\"WebSite\",\"@id\":\"https:\/\/aebellsport.com\/#website\",\"url\":\"https:\/\/aebellsport.com\/\",\"name\":\"AE Bellsport \u2013 Associaci\u00f3 Esportiva Bellsport\",\"description\":\"Just another WordPress site\",\"potentialAction\":[{\"@type\":\"SearchAction\",\"target\":{\"@type\":\"EntryPoint\",\"urlTemplate\":\"https:\/\/aebellsport.com\/?s={search_term_string}\"},\"query-input\":{\"@type\":\"PropertyValueSpecification\",\"valueRequired\":true,\"valueName\":\"search_term_string\"}}],\"inLanguage\":\"ca\"}]}<\/script>\n<!-- \/ Yoast SEO plugin. -->","yoast_head_json":{"title":"Tienda - AE Bellsport \u2013 Associaci\u00f3 Esportiva Bellsport","robots":{"index":"index","follow":"follow","max-snippet":"max-snippet:-1","max-image-preview":"max-image-preview:large","max-video-preview":"max-video-preview:-1"},"canonical":"https:\/\/aebellsport.com\/ca\/tienda\/","og_locale":"ca_ES","og_type":"article","og_title":"Tienda - AE Bellsport \u2013 Associaci\u00f3 Esportiva Bellsport","og_description":"Tienda online EQUIPACIONES Selecciona la secci\u00f3n deportiva TIENDA F\u00fatbol Sala A.E BellSport IR A LA TIENDA B\u00e1squet A.E BellSport IR A LA TIENDA Voleibol A.E BellSport IR A LA TIENDA P\u00e1del A.E BellSport IR A LA TIENDA Nataci\u00f3n con aletas A.E BellSport IR A LA TIENDA","og_url":"https:\/\/aebellsport.com\/ca\/tienda\/","og_site_name":"AE Bellsport \u2013 Associaci\u00f3 Esportiva Bellsport","article_modified_time":"2025-07-11T07:07:34+00:00","og_image":[{"width":1056,"height":1536,"url":"https:\/\/aebellsport.com\/wp-content\/uploads\/2023\/04\/futsal.png","type":"image\/png"}],"twitter_card":"summary_large_image","twitter_misc":{"Temps estimat de lectura":"1 minut"},"schema":{"@context":"https:\/\/schema.org","@graph":[{"@type":"WebPage","@id":"https:\/\/aebellsport.com\/tienda\/","url":"https:\/\/aebellsport.com\/tienda\/","name":"Tienda - AE Bellsport \u2013 Associaci\u00f3 Esportiva Bellsport","isPartOf":{"@id":"https:\/\/aebellsport.com\/#website"},"primaryImageOfPage":{"@id":"https:\/\/aebellsport.com\/tienda\/#primaryimage"},"image":{"@id":"https:\/\/aebellsport.com\/tienda\/#primaryimage"},"thumbnailUrl":"https:\/\/aebellsport.com\/wp-content\/uploads\/2023\/04\/futsal.png","datePublished":"2025-04-29T10:09:05+00:00","dateModified":"2025-07-11T07:07:34+00:00","breadcrumb":{"@id":"https:\/\/aebellsport.com\/tienda\/#breadcrumb"},"inLanguage":"ca","potentialAction":[{"@type":"ReadAction","target":["https:\/\/aebellsport.com\/tienda\/"]}]},{"@type":"ImageObject","inLanguage":"ca","@id":"https:\/\/aebellsport.com\/tienda\/#primaryimage","url":"https:\/\/aebellsport.com\/wp-content\/uploads\/2023\/04\/futsal.png","contentUrl":"https:\/\/aebellsport.com\/wp-content\/uploads\/2023\/04\/futsal.png","width":1056,"height":1536},{"@type":"BreadcrumbList","@id":"https:\/\/aebellsport.com\/tienda\/#breadcrumb","itemListElement":[{"@type":"ListItem","position":1,"name":"Portada","item":"https:\/\/aebellsport.com\/"},{"@type":"ListItem","position":2,"name":"Tienda"}]},{"@type":"WebSite","@id":"https:\/\/aebellsport.com\/#website","url":"https:\/\/aebellsport.com\/","name":"AE Bellsport \u2013 Associaci\u00f3 Esportiva Bellsport","description":"Just another WordPress site","potentialAction":[{"@type":"SearchAction","target":{"@type":"EntryPoint","urlTemplate":"https:\/\/aebellsport.com\/?s={search_term_string}"},"query-input":{"@type":"PropertyValueSpecification","valueRequired":true,"valueName":"search_term_string"}}],"inLanguage":"ca"}]}},"_links":{"self":[{"href":"https:\/\/aebellsport.com\/ca\/wp-json\/wp\/v2\/pages\/39849","targetHints":{"allow":["GET"]}}],"collection":[{"href":"https:\/\/aebellsport.com\/ca\/wp-json\/wp\/v2\/pages"}],"about":[{"href":"https:\/\/aebellsport.com\/ca\/wp-json\/wp\/v2\/types\/page"}],"author":[{"embeddable":true,"href":"https:\/\/aebellsport.com\/ca\/wp-json\/wp\/v2\/users\/1"}],"replies":[{"embeddable":true,"href":"https:\/\/aebellsport.com\/ca\/wp-json\/wp\/v2\/comments?post=39849"}],"version-history":[{"count":13,"href":"https:\/\/aebellsport.com\/ca\/wp-json\/wp\/v2\/pages\/39849\/revisions"}],"predecessor-version":[{"id":40013,"href":"https:\/\/aebellsport.com\/ca\/wp-json\/wp\/v2\/pages\/39849\/revisions\/40013"}],"wp:featuredmedia":[{"embeddable":true,"href":"https:\/\/aebellsport.com\/ca\/wp-json\/wp\/v2\/media\/38894"}],"wp:attachment":[{"href":"https:\/\/aebellsport.com\/ca\/wp-json\/wp\/v2\/media?parent=39849"}],"curies":[{"name":"wp","href":"https:\/\/api.w.org\/{rel}","templated":true}]}}