{"id":39952,"date":"2025-06-10T14:28:42","date_gmt":"2025-06-10T12:28:42","guid":{"rendered":"https:\/\/aebellsport.com\/?page_id=39952"},"modified":"2025-06-10T14:30:59","modified_gmt":"2025-06-10T12:30:59","slug":"politica-privacidad","status":"publish","type":"page","link":"https:\/\/aebellsport.com\/ca\/politica-privacidad\/","title":{"rendered":"Pol\u00edtica de privacidad"},"content":{"rendered":"<div data-elementor-type=\"wp-page\" data-elementor-id=\"39952\" class=\"elementor elementor-39952\">\n\t\t\t\t<div class=\"elementor-element elementor-element-5a48cd2 e-flex e-con-boxed e-con e-parent\" data-id=\"5a48cd2\" data-element_type=\"container\">\n\t\t\t\t\t<div class=\"e-con-inner\">\n\t\t\t\t<div class=\"elementor-element elementor-element-4fe7bb3 elementor-widget elementor-widget-text-editor\" data-id=\"4fe7bb3\" data-element_type=\"widget\" data-widget_type=\"text-editor.default\">\n\t\t\t\t<div class=\"elementor-widget-container\">\n\t\t\t\t\t\t\t\t\t<div class=\"fusion-text fusion-text-1\">\n<p>ASSOCIACI\u00d3 ESPORTIVA BELLSPORT garanteix la privadesa de les dades de car\u00e0cter personal aportades, segons el Reglament General de Protecci\u00f3 de Dades (RGPD).<\/p>\n<p>La visita a aquesta p\u00e0gina Web no suposa que l\u2019usuari estigui obligat a facilitar cap informaci\u00f3 sobre si mateix, no obstant aix\u00f2, durant la visita \u00e9s possible que se sol\u00b7licitin dades de car\u00e0cter personal a trav\u00e9s de formularis.<\/p>\n<p>Aquestes dades seran incorporades a un fitxer responsabilitat de ASSOCIACI\u00d3 ESPORTIVA BELLSPORT i seran utilitzades per a les seg\u00fcents finalitats; contestar les sol\u00b7licituds realitzades per part seva, per enviarlos informaci\u00f3 de la nostra empresa i serveis sol\u00b7licitats o oferts per qualsevol mitj\u00e0 de comunicaci\u00f3. Per a donar compliment a les sol\u00b7licituds, l\u2019interessat autoritza a ASSOCIACI\u00d3 ESPORTIVA BELLSPORT a cedir les seves dades a les empreses associades o col\u00b7laboradores amb les quals existeixin contractes de prestaci\u00f3 de serveis relacionats amb l\u2019activitat, com estipula la normativa vigent en els articles 10, 11 i 12 del RGPD, amb la finalitat de prestar un adequat servei sobre la base de les peticions realitzades per vost\u00e8.<\/p>\n<p>En enviar-nos aquest formulari, vost\u00e8 est\u00e0 acceptant expl\u00edcitament la recepci\u00f3 i tractament dels mateixos per a les finalitats expressades. Aquestes dades es cancel\u00b7laran a petici\u00f3 seva o una vegada satisfet la finalitat per la qual van ser recaptats.<\/p>\n<p>Com exercir els drets: Els usuaris poden dirigir una comunicaci\u00f3 per escrit a ASSOCIACI\u00d3 ESPORTIVA BELLSPORT amb domicili en AV. MARE DE D\u00c9U DE BELLVITGE 7, 08907 HOSPITALET DE LLOBREGAT, BARCELONA, o a l\u2019adre\u00e7a de correu electr\u00f2nic BELLSPORT@AEBELLSPORT.COM incloent en tots dos casos una fotoc\u00f2pia del seu DNI o un altre document identificatiu similar, per exercir els seus drets, que s\u00f3n els seg\u00fcents:<\/p>\n<p>\u25cf Dret a sol\u00b7licitar l\u2019acc\u00e9s a les dades personals: vost\u00e8 podr\u00e0 preguntar a ASSOCIACI\u00d3 ESPORTIVA BELLSPORT si aquesta empresa est\u00e0 tractant les seves dades.<br \/>\u25cf Dret a sol\u00b7licitar la seva rectificaci\u00f3 (en cas que siguin incorrectes) o supressi\u00f3.<br \/>\u25cf Dret a sol\u00b7licitar la limitaci\u00f3 del seu tractament, en aquest cas \u00fanicament seran conservats per ASSOCIACI\u00d3 ESPORTIVA BELLSPORT per a l\u2019exercici o la defensa de reclamacions.<br \/>\u25cf Dret a oposar-se al tractament: ASSOCIACI\u00d3 ESPORTIVA BELLSPORT deixar\u00e0 de tractar les dades en la forma que vost\u00e8 indiqui, tret que per motius leg\u00edtims imperiosos o l\u2019exercici o la defensa de possibles reclamacions s\u2019hagin de seguir tractant.<br \/>\u25cf Dret a la portabilitat de les dades: en cas que vulgui que les seves dades siguin tractades per una altra signatura, ASSOCIACI\u00d3 ESPORTIVA BELLSPORT li facilitar\u00e0 la portabilitat de les seves dades al nou responsable.<\/p>\n<p>Possibilitat de retirar el consentiment: en el cas que s\u2019hagi atorgat el consentiment per a alguna finalitat espec\u00edfica, vost\u00e8 t\u00e9 dret a retirar el consentiment a qualsevol moment, sense que aix\u00f2 afecti la licitud del tractament basat en el consentiment previ a la seva retirada.<\/p>\n<p>Com reclamar davant l\u2019Autoritat de Control: Si un usuari considera que hi ha un problema amb la forma en qu\u00e8 ASSOCIACI\u00d3 ESPORTIVA BELLSPORT est\u00e0 manejant les seves dades, pot dirigir les seves reclamacions a l\u2019autoritat de protecci\u00f3 de dades que correspongui, sent l\u2019Ag\u00e8ncia Espanyola de Protecci\u00f3 de Dades la indicada en el cas d\u2019Espanya.<\/p>\n<p>La negativa a proporcionar les dades suposar\u00e0 la no prestaci\u00f3 o la impossibilitat d\u2019accedir al servei pels quals eren sol\u00b7licitats. Vost\u00e8 t\u00e9 dret a rebre resposta de qualsevol pregunta, consulta o aclariment que li sorgeixi derivada d\u2019aquest formulari.<\/p>\n<p>Les parts se sotmeten, a la seva elecci\u00f3, per a la resoluci\u00f3 dels conflictes i amb ren\u00fancia a qualsevol altre fur, als jutjats i tribunals del domicili del propietari del lloc Web.<\/p>\n<\/div>\t\t\t\t\t\t\t\t<\/div>\n\t\t\t\t<\/div>\n\t\t\t\t\t<\/div>\n\t\t\t\t<\/div>\n\t\t\t\t<\/div>","protected":false},"excerpt":{"rendered":"<p>ASSOCIACI\u00d3 ESPORTIVA BELLSPORT garanteix la privadesa de les dades de car\u00e0cter personal aportades, segons el Reglament General de Protecci\u00f3 de Dades (RGPD). La visita a aquesta p\u00e0gina Web no suposa que l\u2019usuari estigui obligat a facilitar cap informaci\u00f3 sobre si mateix, no obstant aix\u00f2, durant la visita \u00e9s possible que se sol\u00b7licitin dades de car\u00e0cter [&hellip;]<\/p>","protected":false},"author":1,"featured_media":39615,"parent":0,"menu_order":0,"comment_status":"closed","ping_status":"closed","template":"page-templates\/full-width.php","meta":{"footnotes":""},"class_list":["post-39952","page","type-page","status-publish","has-post-thumbnail","hentry"],"yoast_head":"<!-- This site is optimized with the Yoast SEO plugin v25.3 - https:\/\/yoast.com\/wordpress\/plugins\/seo\/ -->\n<title>Pol\u00edtica de privacidad - AE Bellsport \u2013 Associaci\u00f3 Esportiva Bellsport<\/title>\n<meta name=\"robots\" content=\"noindex, follow\" \/>\n<meta property=\"og:locale\" content=\"ca_ES\" \/>\n<meta property=\"og:type\" content=\"article\" \/>\n<meta property=\"og:title\" content=\"Pol\u00edtica de privacidad - AE Bellsport \u2013 Associaci\u00f3 Esportiva Bellsport\" \/>\n<meta property=\"og:description\" content=\"ASSOCIACI\u00d3 ESPORTIVA BELLSPORT garanteix la privadesa de les dades de car\u00e0cter personal aportades, segons el Reglament General de Protecci\u00f3 de Dades (RGPD). La visita a aquesta p\u00e0gina Web no suposa que l\u2019usuari estigui obligat a facilitar cap informaci\u00f3 sobre si mateix, no obstant aix\u00f2, durant la visita \u00e9s possible que se sol\u00b7licitin dades de car\u00e0cter [&hellip;]\" \/>\n<meta property=\"og:url\" content=\"https:\/\/aebellsport.com\/ca\/politica-privacidad\/\" \/>\n<meta property=\"og:site_name\" content=\"AE Bellsport \u2013 Associaci\u00f3 Esportiva Bellsport\" \/>\n<meta property=\"article:modified_time\" content=\"2025-06-10T12:30:59+00:00\" \/>\n<meta property=\"og:image\" content=\"https:\/\/aebellsport.com\/wp-content\/uploads\/2025\/04\/multi-1024x881.png\" \/>\n\t<meta property=\"og:image:width\" content=\"1024\" \/>\n\t<meta property=\"og:image:height\" content=\"881\" \/>\n\t<meta property=\"og:image:type\" content=\"image\/png\" \/>\n<meta name=\"twitter:card\" content=\"summary_large_image\" \/>\n<meta name=\"twitter:label1\" content=\"Temps estimat de lectura\" \/>\n\t<meta name=\"twitter:data1\" content=\"3 minuts\" \/>\n<script type=\"application\/ld+json\" class=\"yoast-schema-graph\">{\"@context\":\"https:\/\/schema.org\",\"@graph\":[{\"@type\":\"WebPage\",\"@id\":\"https:\/\/aebellsport.com\/politica-privacidad\/\",\"url\":\"https:\/\/aebellsport.com\/politica-privacidad\/\",\"name\":\"Pol\u00edtica de privacidad - AE Bellsport \u2013 Associaci\u00f3 Esportiva Bellsport\",\"isPartOf\":{\"@id\":\"https:\/\/aebellsport.com\/#website\"},\"primaryImageOfPage\":{\"@id\":\"https:\/\/aebellsport.com\/politica-privacidad\/#primaryimage\"},\"image\":{\"@id\":\"https:\/\/aebellsport.com\/politica-privacidad\/#primaryimage\"},\"thumbnailUrl\":\"https:\/\/aebellsport.com\/wp-content\/uploads\/2025\/04\/multi.png\",\"datePublished\":\"2025-06-10T12:28:42+00:00\",\"dateModified\":\"2025-06-10T12:30:59+00:00\",\"breadcrumb\":{\"@id\":\"https:\/\/aebellsport.com\/politica-privacidad\/#breadcrumb\"},\"inLanguage\":\"ca\",\"potentialAction\":[{\"@type\":\"ReadAction\",\"target\":[\"https:\/\/aebellsport.com\/politica-privacidad\/\"]}]},{\"@type\":\"ImageObject\",\"inLanguage\":\"ca\",\"@id\":\"https:\/\/aebellsport.com\/politica-privacidad\/#primaryimage\",\"url\":\"https:\/\/aebellsport.com\/wp-content\/uploads\/2025\/04\/multi.png\",\"contentUrl\":\"https:\/\/aebellsport.com\/wp-content\/uploads\/2025\/04\/multi.png\",\"width\":2560,\"height\":2202},{\"@type\":\"BreadcrumbList\",\"@id\":\"https:\/\/aebellsport.com\/politica-privacidad\/#breadcrumb\",\"itemListElement\":[{\"@type\":\"ListItem\",\"position\":1,\"name\":\"Portada\",\"item\":\"https:\/\/aebellsport.com\/\"},{\"@type\":\"ListItem\",\"position\":2,\"name\":\"Pol\u00edtica de privacidad\"}]},{\"@type\":\"WebSite\",\"@id\":\"https:\/\/aebellsport.com\/#website\",\"url\":\"https:\/\/aebellsport.com\/\",\"name\":\"AE Bellsport \u2013 Associaci\u00f3 Esportiva Bellsport\",\"description\":\"Just another WordPress site\",\"potentialAction\":[{\"@type\":\"SearchAction\",\"target\":{\"@type\":\"EntryPoint\",\"urlTemplate\":\"https:\/\/aebellsport.com\/?s={search_term_string}\"},\"query-input\":{\"@type\":\"PropertyValueSpecification\",\"valueRequired\":true,\"valueName\":\"search_term_string\"}}],\"inLanguage\":\"ca\"}]}<\/script>\n<!-- \/ Yoast SEO plugin. -->","yoast_head_json":{"title":"Pol\u00edtica de privacidad - AE Bellsport \u2013 Associaci\u00f3 Esportiva Bellsport","robots":{"index":"noindex","follow":"follow"},"og_locale":"ca_ES","og_type":"article","og_title":"Pol\u00edtica de privacidad - AE Bellsport \u2013 Associaci\u00f3 Esportiva Bellsport","og_description":"ASSOCIACI\u00d3 ESPORTIVA BELLSPORT garanteix la privadesa de les dades de car\u00e0cter personal aportades, segons el Reglament General de Protecci\u00f3 de Dades (RGPD). La visita a aquesta p\u00e0gina Web no suposa que l\u2019usuari estigui obligat a facilitar cap informaci\u00f3 sobre si mateix, no obstant aix\u00f2, durant la visita \u00e9s possible que se sol\u00b7licitin dades de car\u00e0cter [&hellip;]","og_url":"https:\/\/aebellsport.com\/ca\/politica-privacidad\/","og_site_name":"AE Bellsport \u2013 Associaci\u00f3 Esportiva Bellsport","article_modified_time":"2025-06-10T12:30:59+00:00","og_image":[{"width":1024,"height":881,"url":"https:\/\/aebellsport.com\/wp-content\/uploads\/2025\/04\/multi-1024x881.png","type":"image\/png"}],"twitter_card":"summary_large_image","twitter_misc":{"Temps estimat de lectura":"3 minuts"},"schema":{"@context":"https:\/\/schema.org","@graph":[{"@type":"WebPage","@id":"https:\/\/aebellsport.com\/politica-privacidad\/","url":"https:\/\/aebellsport.com\/politica-privacidad\/","name":"Pol\u00edtica de privacidad - AE Bellsport \u2013 Associaci\u00f3 Esportiva Bellsport","isPartOf":{"@id":"https:\/\/aebellsport.com\/#website"},"primaryImageOfPage":{"@id":"https:\/\/aebellsport.com\/politica-privacidad\/#primaryimage"},"image":{"@id":"https:\/\/aebellsport.com\/politica-privacidad\/#primaryimage"},"thumbnailUrl":"https:\/\/aebellsport.com\/wp-content\/uploads\/2025\/04\/multi.png","datePublished":"2025-06-10T12:28:42+00:00","dateModified":"2025-06-10T12:30:59+00:00","breadcrumb":{"@id":"https:\/\/aebellsport.com\/politica-privacidad\/#breadcrumb"},"inLanguage":"ca","potentialAction":[{"@type":"ReadAction","target":["https:\/\/aebellsport.com\/politica-privacidad\/"]}]},{"@type":"ImageObject","inLanguage":"ca","@id":"https:\/\/aebellsport.com\/politica-privacidad\/#primaryimage","url":"https:\/\/aebellsport.com\/wp-content\/uploads\/2025\/04\/multi.png","contentUrl":"https:\/\/aebellsport.com\/wp-content\/uploads\/2025\/04\/multi.png","width":2560,"height":2202},{"@type":"BreadcrumbList","@id":"https:\/\/aebellsport.com\/politica-privacidad\/#breadcrumb","itemListElement":[{"@type":"ListItem","position":1,"name":"Portada","item":"https:\/\/aebellsport.com\/"},{"@type":"ListItem","position":2,"name":"Pol\u00edtica de privacidad"}]},{"@type":"WebSite","@id":"https:\/\/aebellsport.com\/#website","url":"https:\/\/aebellsport.com\/","name":"AE Bellsport \u2013 Associaci\u00f3 Esportiva Bellsport","description":"Just another WordPress site","potentialAction":[{"@type":"SearchAction","target":{"@type":"EntryPoint","urlTemplate":"https:\/\/aebellsport.com\/?s={search_term_string}"},"query-input":{"@type":"PropertyValueSpecification","valueRequired":true,"valueName":"search_term_string"}}],"inLanguage":"ca"}]}},"_links":{"self":[{"href":"https:\/\/aebellsport.com\/ca\/wp-json\/wp\/v2\/pages\/39952","targetHints":{"allow":["GET"]}}],"collection":[{"href":"https:\/\/aebellsport.com\/ca\/wp-json\/wp\/v2\/pages"}],"about":[{"href":"https:\/\/aebellsport.com\/ca\/wp-json\/wp\/v2\/types\/page"}],"author":[{"embeddable":true,"href":"https:\/\/aebellsport.com\/ca\/wp-json\/wp\/v2\/users\/1"}],"replies":[{"embeddable":true,"href":"https:\/\/aebellsport.com\/ca\/wp-json\/wp\/v2\/comments?post=39952"}],"version-history":[{"count":4,"href":"https:\/\/aebellsport.com\/ca\/wp-json\/wp\/v2\/pages\/39952\/revisions"}],"predecessor-version":[{"id":39957,"href":"https:\/\/aebellsport.com\/ca\/wp-json\/wp\/v2\/pages\/39952\/revisions\/39957"}],"wp:featuredmedia":[{"embeddable":true,"href":"https:\/\/aebellsport.com\/ca\/wp-json\/wp\/v2\/media\/39615"}],"wp:attachment":[{"href":"https:\/\/aebellsport.com\/ca\/wp-json\/wp\/v2\/media?parent=39952"}],"curies":[{"name":"wp","href":"https:\/\/api.w.org\/{rel}","templated":true}]}}