{"id":40327,"date":"2026-05-04T12:34:52","date_gmt":"2026-05-04T10:34:52","guid":{"rendered":"https:\/\/aebellsport.com\/?page_id=40327"},"modified":"2026-05-04T16:06:10","modified_gmt":"2026-05-04T14:06:10","slug":"prueba-formulario","status":"publish","type":"page","link":"https:\/\/aebellsport.com\/ca\/prueba-formulario\/","title":{"rendered":"Prueba Formulario"},"content":{"rendered":"","protected":true},"excerpt":{"rendered":"","protected":true},"author":1,"featured_media":0,"parent":0,"menu_order":0,"comment_status":"closed","ping_status":"closed","template":"","meta":{"footnotes":""},"class_list":["post-40327","page","type-page","status-publish","post-password-required","hentry"],"yoast_head":"<!-- This site is optimized with the Yoast SEO plugin v25.3 - https:\/\/yoast.com\/wordpress\/plugins\/seo\/ -->\n<title>Prueba Formulario - AE Bellsport \u2013 Associaci\u00f3 Esportiva Bellsport<\/title>\n<meta name=\"robots\" content=\"index, follow, max-snippet:-1, max-image-preview:large, max-video-preview:-1\" \/>\n<link rel=\"canonical\" href=\"https:\/\/aebellsport.com\/ca\/prueba-formulario\/\" \/>\n<meta property=\"og:locale\" content=\"ca_ES\" \/>\n<meta property=\"og:type\" content=\"article\" \/>\n<meta property=\"og:title\" content=\"Prueba Formulario - AE Bellsport \u2013 Associaci\u00f3 Esportiva Bellsport\" \/>\n<meta property=\"og:description\" content=\"No hi ha extracte perqu\u00e8 \u00e9s una entrada protegida.\" \/>\n<meta property=\"og:url\" content=\"https:\/\/aebellsport.com\/ca\/prueba-formulario\/\" \/>\n<meta property=\"og:site_name\" content=\"AE Bellsport \u2013 Associaci\u00f3 Esportiva Bellsport\" \/>\n<meta property=\"article:modified_time\" content=\"2026-05-04T14:06:10+00:00\" \/>\n<meta name=\"twitter:card\" content=\"summary_large_image\" \/>\n<script type=\"application\/ld+json\" class=\"yoast-schema-graph\">{\"@context\":\"https:\/\/schema.org\",\"@graph\":[{\"@type\":\"WebPage\",\"@id\":\"https:\/\/aebellsport.com\/prueba-formulario\/\",\"url\":\"https:\/\/aebellsport.com\/prueba-formulario\/\",\"name\":\"Prueba Formulario - AE Bellsport \u2013 Associaci\u00f3 Esportiva Bellsport\",\"isPartOf\":{\"@id\":\"https:\/\/aebellsport.com\/#website\"},\"datePublished\":\"2026-05-04T10:34:52+00:00\",\"dateModified\":\"2026-05-04T14:06:10+00:00\",\"breadcrumb\":{\"@id\":\"https:\/\/aebellsport.com\/prueba-formulario\/#breadcrumb\"},\"inLanguage\":\"ca\"},{\"@type\":\"WebSite\",\"@id\":\"https:\/\/aebellsport.com\/#website\",\"url\":\"https:\/\/aebellsport.com\/\",\"name\":\"AE Bellsport \u2013 Associaci\u00f3 Esportiva Bellsport\",\"description\":\"Just another WordPress site\",\"potentialAction\":[{\"@type\":\"SearchAction\",\"target\":{\"@type\":\"EntryPoint\",\"urlTemplate\":\"https:\/\/aebellsport.com\/?s={search_term_string}\"},\"query-input\":{\"@type\":\"PropertyValueSpecification\",\"valueRequired\":true,\"valueName\":\"search_term_string\"}}],\"inLanguage\":\"ca\"}]}<\/script>\n<!-- \/ Yoast SEO plugin. -->","yoast_head_json":{"title":"Prueba Formulario - AE Bellsport \u2013 Associaci\u00f3 Esportiva Bellsport","robots":{"index":"index","follow":"follow","max-snippet":"max-snippet:-1","max-image-preview":"max-image-preview:large","max-video-preview":"max-video-preview:-1"},"canonical":"https:\/\/aebellsport.com\/ca\/prueba-formulario\/","og_locale":"ca_ES","og_type":"article","og_title":"Prueba Formulario - AE Bellsport \u2013 Associaci\u00f3 Esportiva Bellsport","og_description":"No hi ha extracte perqu\u00e8 \u00e9s una entrada protegida.","og_url":"https:\/\/aebellsport.com\/ca\/prueba-formulario\/","og_site_name":"AE Bellsport \u2013 Associaci\u00f3 Esportiva Bellsport","article_modified_time":"2026-05-04T14:06:10+00:00","twitter_card":"summary_large_image","schema":{"@context":"https:\/\/schema.org","@graph":[{"@type":"WebPage","@id":"https:\/\/aebellsport.com\/prueba-formulario\/","url":"https:\/\/aebellsport.com\/prueba-formulario\/","name":"Prueba Formulario - AE Bellsport \u2013 Associaci\u00f3 Esportiva Bellsport","isPartOf":{"@id":"https:\/\/aebellsport.com\/#website"},"datePublished":"2026-05-04T10:34:52+00:00","dateModified":"2026-05-04T14:06:10+00:00","breadcrumb":{"@id":"https:\/\/aebellsport.com\/prueba-formulario\/#breadcrumb"},"inLanguage":"ca"},{"@type":"WebSite","@id":"https:\/\/aebellsport.com\/#website","url":"https:\/\/aebellsport.com\/","name":"AE Bellsport \u2013 Associaci\u00f3 Esportiva Bellsport","description":"Just another WordPress site","potentialAction":[{"@type":"SearchAction","target":{"@type":"EntryPoint","urlTemplate":"https:\/\/aebellsport.com\/?s={search_term_string}"},"query-input":{"@type":"PropertyValueSpecification","valueRequired":true,"valueName":"search_term_string"}}],"inLanguage":"ca"}]}},"_links":{"self":[{"href":"https:\/\/aebellsport.com\/ca\/wp-json\/wp\/v2\/pages\/40327","targetHints":{"allow":["GET"]}}],"collection":[{"href":"https:\/\/aebellsport.com\/ca\/wp-json\/wp\/v2\/pages"}],"about":[{"href":"https:\/\/aebellsport.com\/ca\/wp-json\/wp\/v2\/types\/page"}],"author":[{"embeddable":true,"href":"https:\/\/aebellsport.com\/ca\/wp-json\/wp\/v2\/users\/1"}],"replies":[{"embeddable":true,"href":"https:\/\/aebellsport.com\/ca\/wp-json\/wp\/v2\/comments?post=40327"}],"version-history":[{"count":5,"href":"https:\/\/aebellsport.com\/ca\/wp-json\/wp\/v2\/pages\/40327\/revisions"}],"predecessor-version":[{"id":40337,"href":"https:\/\/aebellsport.com\/ca\/wp-json\/wp\/v2\/pages\/40327\/revisions\/40337"}],"wp:attachment":[{"href":"https:\/\/aebellsport.com\/ca\/wp-json\/wp\/v2\/media?parent=40327"}],"curies":[{"name":"wp","href":"https:\/\/api.w.org\/{rel}","templated":true}]}}